{"id":93,"date":"2015-12-20T20:29:56","date_gmt":"2015-12-20T19:29:56","guid":{"rendered":"http:\/\/gut-noitzsch.de\/?page_id=93"},"modified":"2016-01-14T10:40:14","modified_gmt":"2016-01-14T09:40:14","slug":"landwirtschaft","status":"publish","type":"page","link":"http:\/\/gut-noitzsch.de\/?page_id=93","title":{"rendered":"Landwirtschaft"},"content":{"rendered":"Seit 1995 halten wir unsere Mutterkuhherde im Sommer in der Muldenaue Hohenprie\u00dfnitz. Im Winter k\u00f6nnen Sie auf viel Stroh im Stall liegen.\r\n\r\nDurch viele Investitionen und Bauma\u00dfnahmen optimieren wir unsere Stallungen regelm\u00e4\u00dfig dahingehend, den Rindern die besten Haltungsbedingungen zu bieten, die m\u00f6glich sind. \u00a0Dazu z\u00e4hlt auch der Ausbau der Stallungen sowie der Umbau mit Freigehege um den Rindern den selbstst\u00e4ndigen Freigang auch im Winter zu gew\u00e4hrleisten.\r\n\r\nDie Reproduktion der weiblichen Rinder erfolgt ausschlie\u00dflich aus eigener Produktion. Die K\u00e4lber verbleiben in den ersten sechs Monaten bei der Mutter, wo sie optimal versorgt werden. Gef\u00fcttert werden alle unserer Rinder mit wirtschaftseigenem Futter - Silage aus Gras, Mais und Zuckerr\u00fcbenschnitzel sowie Heu und Getreideschrot. Die Aufzucht der K\u00e4lber bis hin zur Endmast erfolgt nach den Kriterien der \"Erzeugergemeinschaft Qualit\u00e4ts-Fleisch Sachsen w.V.\" und wird j\u00e4hrlich \u00fcberpr\u00fcft.\r\n\r\n&nbsp;\r\n\r\n<a href=\"http:\/\/gut-noitzsch.de\/wp-content\/uploads\/2015\/12\/DSC_0564.jpg\"><img loading=\"lazy\" decoding=\"async\" class=\"alignnone wp-image-96\" src=\"http:\/\/gut-noitzsch.de\/wp-content\/uploads\/2015\/12\/DSC_0564-300x199.jpg\" alt=\"DSC_0564\" width=\"176\" height=\"117\" srcset=\"http:\/\/gut-noitzsch.de\/wp-content\/uploads\/2015\/12\/DSC_0564-300x199.jpg 300w, http:\/\/gut-noitzsch.de\/wp-content\/uploads\/2015\/12\/DSC_0564-1024x681.jpg 1024w\" sizes=\"auto, (max-width: 176px) 100vw, 176px\" \/><\/a> <a href=\"http:\/\/gut-noitzsch.de\/wp-content\/uploads\/2015\/12\/DSC_0638.jpg\"><img loading=\"lazy\" decoding=\"async\" class=\"alignnone wp-image-104\" src=\"http:\/\/gut-noitzsch.de\/wp-content\/uploads\/2015\/12\/DSC_0638-300x199.jpg\" alt=\"DSC_0638\" width=\"176\" height=\"117\" srcset=\"http:\/\/gut-noitzsch.de\/wp-content\/uploads\/2015\/12\/DSC_0638-300x199.jpg 300w, http:\/\/gut-noitzsch.de\/wp-content\/uploads\/2015\/12\/DSC_0638-1024x681.jpg 1024w\" sizes=\"auto, (max-width: 176px) 100vw, 176px\" \/><\/a> <a href=\"http:\/\/gut-noitzsch.de\/wp-content\/uploads\/2015\/12\/DSC_0622.jpg\"><img loading=\"lazy\" decoding=\"async\" class=\"alignnone wp-image-103\" src=\"http:\/\/gut-noitzsch.de\/wp-content\/uploads\/2015\/12\/DSC_0622-300x199.jpg\" alt=\"DSC_0622\" width=\"176\" height=\"117\" srcset=\"http:\/\/gut-noitzsch.de\/wp-content\/uploads\/2015\/12\/DSC_0622-300x199.jpg 300w, http:\/\/gut-noitzsch.de\/wp-content\/uploads\/2015\/12\/DSC_0622-1024x681.jpg 1024w\" sizes=\"auto, (max-width: 176px) 100vw, 176px\" \/><\/a> <a href=\"http:\/\/gut-noitzsch.de\/wp-content\/uploads\/2015\/12\/DSC_0566.jpg\"><img loading=\"lazy\" decoding=\"async\" class=\"alignnone wp-image-95\" src=\"http:\/\/gut-noitzsch.de\/wp-content\/uploads\/2015\/12\/DSC_0566-300x199.jpg\" alt=\"DSC_0566\" width=\"176\" height=\"117\" srcset=\"http:\/\/gut-noitzsch.de\/wp-content\/uploads\/2015\/12\/DSC_0566-300x199.jpg 300w, http:\/\/gut-noitzsch.de\/wp-content\/uploads\/2015\/12\/DSC_0566-1024x681.jpg 1024w\" sizes=\"auto, (max-width: 176px) 100vw, 176px\" \/><\/a>\r\n\r\n&nbsp;\r\n\r\n<a href=\"http:\/\/gut-noitzsch.de\/wp-content\/uploads\/2015\/04\/SMUL_LO_EPLR-CMYK-RZ.jpg\"><img loading=\"lazy\" decoding=\"async\" class=\"alignnone size-medium wp-image-89\" src=\"http:\/\/gut-noitzsch.de\/wp-content\/uploads\/2015\/04\/SMUL_LO_EPLR-CMYK-RZ-300x67.jpg\" alt=\"SMUL_LO_EPLR-CMYK-RZ\" width=\"300\" height=\"67\" srcset=\"http:\/\/gut-noitzsch.de\/wp-content\/uploads\/2015\/04\/SMUL_LO_EPLR-CMYK-RZ-300x67.jpg 300w, http:\/\/gut-noitzsch.de\/wp-content\/uploads\/2015\/04\/SMUL_LO_EPLR-CMYK-RZ-1024x230.jpg 1024w\" sizes=\"auto, (max-width: 300px) 100vw, 300px\" \/><\/a>\r\n\r\nMit der Umsetzung des Vorhabens \"Zahlungen f\u00fcr aus naturbedingten oder anderen spezifischen Gr\u00fcnden benahteiligter Gebiete\" konnte ein Beitrag zur dauerhaften Bewirtschaftung benachteiligter landwirtschaftlicher Fl\u00e4chen und somit zum Erhalt der s\u00e4chsichen Kulturlandshaft geleistet werden. Somit konnte zur weiteren Stabilisierung der Landwirtschaftsbetriebe in den Betroffenen Regionen beigetragen werden und Arbeitspl\u00e4tze in der Landwirtshaft sowie im vor- und nahgelagerten Bereich gesichert werden.\r\n\r\n&nbsp;","protected":false},"excerpt":{"rendered":"<p>Seit 1995 halten wir unsere Mutterkuhherde im Sommer in der Muldenaue Hohenprie\u00dfnitz. Im Winter k\u00f6nnen Sie auf viel Stroh im Stall liegen. Durch viele Investitionen und Bauma\u00dfnahmen optimieren wir unsere Stallungen regelm\u00e4\u00dfig dahingehend, den Rindern die besten Haltungsbedingungen zu bieten, die m\u00f6glich sind. \u00a0Dazu z\u00e4hlt auch der Ausbau der Stallungen sowie der Umbau mit Freigehege &hellip; <a href=\"http:\/\/gut-noitzsch.de\/?page_id=93\" class=\"more-link\"><span class=\"screen-reader-text\">Landwirtschaft<\/span> weiterlesen <span class=\"meta-nav\">&rarr;<\/span><\/a><\/p>\n","protected":false},"author":1,"featured_media":0,"parent":0,"menu_order":2,"comment_status":"closed","ping_status":"closed","template":"","meta":{"footnotes":""},"class_list":["post-93","page","type-page","status-publish","hentry"],"_links":{"self":[{"href":"http:\/\/gut-noitzsch.de\/index.php?rest_route=\/wp\/v2\/pages\/93","targetHints":{"allow":["GET"]}}],"collection":[{"href":"http:\/\/gut-noitzsch.de\/index.php?rest_route=\/wp\/v2\/pages"}],"about":[{"href":"http:\/\/gut-noitzsch.de\/index.php?rest_route=\/wp\/v2\/types\/page"}],"author":[{"embeddable":true,"href":"http:\/\/gut-noitzsch.de\/index.php?rest_route=\/wp\/v2\/users\/1"}],"replies":[{"embeddable":true,"href":"http:\/\/gut-noitzsch.de\/index.php?rest_route=%2Fwp%2Fv2%2Fcomments&post=93"}],"version-history":[{"count":5,"href":"http:\/\/gut-noitzsch.de\/index.php?rest_route=\/wp\/v2\/pages\/93\/revisions"}],"predecessor-version":[{"id":118,"href":"http:\/\/gut-noitzsch.de\/index.php?rest_route=\/wp\/v2\/pages\/93\/revisions\/118"}],"wp:attachment":[{"href":"http:\/\/gut-noitzsch.de\/index.php?rest_route=%2Fwp%2Fv2%2Fmedia&parent=93"}],"curies":[{"name":"wp","href":"https:\/\/api.w.org\/{rel}","templated":true}]}}