{"id":198,"date":"2017-02-22T20:50:15","date_gmt":"2017-02-22T19:50:15","guid":{"rendered":"http:\/\/gut-noitzsch.de\/?page_id=198"},"modified":"2017-03-08T20:17:05","modified_gmt":"2017-03-08T19:17:05","slug":"foerderungen","status":"publish","type":"page","link":"http:\/\/gut-noitzsch.de\/?page_id=198","title":{"rendered":"F\u00f6rderungen"},"content":{"rendered":"Unser Betrieb wurde von unterschiedlichen Initiativen gef\u00f6rdert. Hier finden Sie detaillierte Informationen \u00fcber die F\u00f6rderma\u00dfnahmen:\r\n\r\n<a href=\"http:\/\/gut-noitzsch.de\/wp-content\/uploads\/2015\/04\/SMUL_LO_EPLR-CMYK-RZ.jpg\"><img loading=\"lazy\" decoding=\"async\" class=\"alignnone size-medium wp-image-89\" src=\"http:\/\/gut-noitzsch.de\/wp-content\/uploads\/2015\/04\/SMUL_LO_EPLR-CMYK-RZ-300x67.jpg\" alt=\"SMUL_LO_EPLR-CMYK-RZ\" width=\"300\" height=\"67\" srcset=\"http:\/\/gut-noitzsch.de\/wp-content\/uploads\/2015\/04\/SMUL_LO_EPLR-CMYK-RZ-300x67.jpg 300w, http:\/\/gut-noitzsch.de\/wp-content\/uploads\/2015\/04\/SMUL_LO_EPLR-CMYK-RZ-1024x230.jpg 1024w\" sizes=\"auto, (max-width: 300px) 100vw, 300px\" \/><\/a>\r\n\r\nMit der Umsetzung des Vorhabens \"Zahlungen f\u00fcr aus naturbedingten oder anderen spezifischen Gr\u00fcnden benachteiligte Gebiete\" konnte ein Beitrag zur dauerhaften Bewirtschaftung benachteiligter landwirtschaftlicher Fl\u00e4chen und somit zum Erhalt der s\u00e4chsischen Kulturlandschaft geleistet werden. Somit konnte zur weiteren Stabilisierung der Landwirtschaftsbetriebe in den betroffenen Regionen beigetragen werden und Arbeitspl\u00e4tze in der Landwirtschaft sowie im vor- und nachgelagerten Bereich gesichert werden.\r\n\r\n<a href=\"http:\/\/gut-noitzsch.de\/wp-content\/uploads\/2017\/02\/WhatsApp-Image-2017-02-22-at-20.40.17.jpeg\"><img loading=\"lazy\" decoding=\"async\" class=\"alignnone size-medium wp-image-199\" src=\"http:\/\/gut-noitzsch.de\/wp-content\/uploads\/2017\/02\/WhatsApp-Image-2017-02-22-at-20.40.17-300x212.jpeg\" alt=\"WhatsApp Image 2017-02-22 at 20.40.17\" width=\"300\" height=\"212\" srcset=\"http:\/\/gut-noitzsch.de\/wp-content\/uploads\/2017\/02\/WhatsApp-Image-2017-02-22-at-20.40.17-300x212.jpeg 300w, http:\/\/gut-noitzsch.de\/wp-content\/uploads\/2017\/02\/WhatsApp-Image-2017-02-22-at-20.40.17-100x71.jpeg 100w, http:\/\/gut-noitzsch.de\/wp-content\/uploads\/2017\/02\/WhatsApp-Image-2017-02-22-at-20.40.17-150x106.jpeg 150w, http:\/\/gut-noitzsch.de\/wp-content\/uploads\/2017\/02\/WhatsApp-Image-2017-02-22-at-20.40.17-200x142.jpeg 200w, http:\/\/gut-noitzsch.de\/wp-content\/uploads\/2017\/02\/WhatsApp-Image-2017-02-22-at-20.40.17-450x319.jpeg 450w, http:\/\/gut-noitzsch.de\/wp-content\/uploads\/2017\/02\/WhatsApp-Image-2017-02-22-at-20.40.17.jpeg 500w\" sizes=\"auto, (max-width: 300px) 100vw, 300px\" \/><\/a>\r\n\r\nMit der Umsetzung des Vorhabens \"AL.5 Naturschutzbrachen und Bl\u00fchfl\u00e4chen auf Ackerland\" konnte ein Beitrag zur Schaffung und Beibehaltung \u00f6kologischer Merkmale (z. B. Pufferbereiche, Bl\u00fchstreifen) und zur Sicherung der Biologischen Vielfalt auf den gef\u00f6rderten landwirtschaftlichen Fl\u00e4chen geleistet werden. Damit wurde eine Verbesserung der Lebensumst\u00e4nde von Wildinsekten, Wildtieren und Honigbienen in der Agrarlandschaft erzielt.\r\n\r\nMit der Umsetzung des Vorhabens \"GL.2 Biotoppflegemahd mit Erschwernis\" konnte ein Beitrag zum Erhalt und zur Entwicklung von gef\u00e4hrdeten, wertvollen Gr\u00fcnland-FFHLebensraum- und Biotoptypen sowie Habitaten spezifischer, schutzbed\u00fcrftiger Arten auf den gef\u00f6rderten Fl\u00e4chen geleistet werden.\r\n\r\nMit der Umsetzung des Vorhabens \"GL.4 Naturschutzgerechte H\u00fctehaltung und Beweidung\" konnte ein Beitrag zur Erhaltung, Wiederherstellung und Entwicklung von Weidelandgebieten mit hohem Naturschutzwert geleistet werden. Durch den Erhalt und die Entwicklung\u00a0artenreicher Magerrasenbiotope, Heiden und sonstiger Offenlandhabitate wurde zur Sicherung der Biologischen Vielfalt beigetragen und an der Wahrung der Kulturlandschaft mitgewirkt.\r\n\r\nMit der Umsetzung des Vorhabens \"GL.5 spezielle artenschutzgerechte Gr\u00fcnlandnutzung\" konnte durch eine an die individuellen Anspr\u00fcche der Arten angepasste Bewirtschaftungsweise ein Beitrag zum Erhalt von spezifischen, schutzbed\u00fcrftigen Arten geleistet werden. Weiterhin wurde zur Sicherung der Biologischen Vielfalt beigetragen.\r\n\r\n<a href=\"http:\/\/gut-noitzsch.de\/wp-content\/uploads\/2017\/02\/WhatsApp-Image-2017-02-22-at-20.39.30.jpeg\"><img loading=\"lazy\" decoding=\"async\" class=\"alignnone size-medium wp-image-200\" src=\"http:\/\/gut-noitzsch.de\/wp-content\/uploads\/2017\/02\/WhatsApp-Image-2017-02-22-at-20.39.30-300x212.jpeg\" alt=\"WhatsApp Image 2017-02-22 at 20.39.30\" width=\"300\" height=\"212\" srcset=\"http:\/\/gut-noitzsch.de\/wp-content\/uploads\/2017\/02\/WhatsApp-Image-2017-02-22-at-20.39.30-300x212.jpeg 300w, http:\/\/gut-noitzsch.de\/wp-content\/uploads\/2017\/02\/WhatsApp-Image-2017-02-22-at-20.39.30-100x71.jpeg 100w, http:\/\/gut-noitzsch.de\/wp-content\/uploads\/2017\/02\/WhatsApp-Image-2017-02-22-at-20.39.30-150x106.jpeg 150w, http:\/\/gut-noitzsch.de\/wp-content\/uploads\/2017\/02\/WhatsApp-Image-2017-02-22-at-20.39.30-200x142.jpeg 200w, http:\/\/gut-noitzsch.de\/wp-content\/uploads\/2017\/02\/WhatsApp-Image-2017-02-22-at-20.39.30-450x319.jpeg 450w, http:\/\/gut-noitzsch.de\/wp-content\/uploads\/2017\/02\/WhatsApp-Image-2017-02-22-at-20.39.30.jpeg 500w\" sizes=\"auto, (max-width: 300px) 100vw, 300px\" \/><\/a>\r\n\r\nUnser Wald wurde mit Mitteln der ELER gef\u00f6rdert. Es erfolgt ein Umbau in standortgerechten Mischwald.\r\n\r\n<a href=\"http:\/\/gut-noitzsch.de\/wp-content\/uploads\/2017\/02\/WhatsApp-Image-2017-02-22-at-20.38.25.jpeg\"><img loading=\"lazy\" decoding=\"async\" class=\"alignnone size-medium wp-image-201\" src=\"http:\/\/gut-noitzsch.de\/wp-content\/uploads\/2017\/02\/WhatsApp-Image-2017-02-22-at-20.38.25-300x212.jpeg\" alt=\"WhatsApp Image 2017-02-22 at 20.38.25\" width=\"300\" height=\"212\" srcset=\"http:\/\/gut-noitzsch.de\/wp-content\/uploads\/2017\/02\/WhatsApp-Image-2017-02-22-at-20.38.25-300x212.jpeg 300w, http:\/\/gut-noitzsch.de\/wp-content\/uploads\/2017\/02\/WhatsApp-Image-2017-02-22-at-20.38.25-100x71.jpeg 100w, http:\/\/gut-noitzsch.de\/wp-content\/uploads\/2017\/02\/WhatsApp-Image-2017-02-22-at-20.38.25-150x106.jpeg 150w, http:\/\/gut-noitzsch.de\/wp-content\/uploads\/2017\/02\/WhatsApp-Image-2017-02-22-at-20.38.25-200x142.jpeg 200w, http:\/\/gut-noitzsch.de\/wp-content\/uploads\/2017\/02\/WhatsApp-Image-2017-02-22-at-20.38.25-450x319.jpeg 450w, http:\/\/gut-noitzsch.de\/wp-content\/uploads\/2017\/02\/WhatsApp-Image-2017-02-22-at-20.38.25.jpeg 500w\" sizes=\"auto, (max-width: 300px) 100vw, 300px\" \/><\/a>\r\n\r\nWaldwegebau- Erschlie\u00dfung von Waldfl\u00e4che f\u00fcr Holzabfuhr - Ausbau von Waldwegen\r\n\r\n<a href=\"http:\/\/gut-noitzsch.de\/wp-content\/uploads\/2017\/02\/16_WuF_Erschliessung.png\"><img loading=\"lazy\" decoding=\"async\" class=\"alignnone size-medium wp-image-210\" src=\"http:\/\/gut-noitzsch.de\/wp-content\/uploads\/2017\/02\/16_WuF_Erschliessung-300x212.png\" alt=\"16_WuF_Erschliessung\" width=\"300\" height=\"212\" srcset=\"http:\/\/gut-noitzsch.de\/wp-content\/uploads\/2017\/02\/16_WuF_Erschliessung-300x212.png 300w, http:\/\/gut-noitzsch.de\/wp-content\/uploads\/2017\/02\/16_WuF_Erschliessung-100x71.png 100w, http:\/\/gut-noitzsch.de\/wp-content\/uploads\/2017\/02\/16_WuF_Erschliessung-150x106.png 150w, http:\/\/gut-noitzsch.de\/wp-content\/uploads\/2017\/02\/16_WuF_Erschliessung-200x142.png 200w, http:\/\/gut-noitzsch.de\/wp-content\/uploads\/2017\/02\/16_WuF_Erschliessung-450x319.png 450w, http:\/\/gut-noitzsch.de\/wp-content\/uploads\/2017\/02\/16_WuF_Erschliessung.png 500w\" sizes=\"auto, (max-width: 300px) 100vw, 300px\" \/><\/a>\r\n\r\n&nbsp;\r\n\r\nMit der Umsetzung des Vorhabens \"Zahlungen f\u00fcr aus naturbedingten oder anderen spezifischen Gr\u00fcnden benahteiligter Gebiete\" konnte ein Beitrag zur dauerhaften Bewirtschaftung benachteiligter landwirtschaftlicher Fl\u00e4chen und somit zum Erhalt der s\u00e4chsichen Kulturlandshaft geleistet werden. Somit konnte zur weiteren Stabilisierung der Landwirtschaftsbetriebe in den Betroffenen Regionen beigetragen werden und Arbeitspl\u00e4tze in der Landwirtshaft sowie im vor- und nahgelagerten Bereich gesichert werden.\r\n\r\n&nbsp;","protected":false},"excerpt":{"rendered":"<p>Unser Betrieb wurde von unterschiedlichen Initiativen gef\u00f6rdert. Hier finden Sie detaillierte Informationen \u00fcber die F\u00f6rderma\u00dfnahmen: Mit der Umsetzung des Vorhabens &#8222;Zahlungen f\u00fcr aus naturbedingten oder anderen spezifischen Gr\u00fcnden benachteiligte Gebiete&#8220; konnte ein Beitrag zur dauerhaften Bewirtschaftung benachteiligter landwirtschaftlicher Fl\u00e4chen und somit zum Erhalt der s\u00e4chsischen Kulturlandschaft geleistet werden. Somit konnte zur weiteren Stabilisierung der Landwirtschaftsbetriebe &hellip; <a href=\"http:\/\/gut-noitzsch.de\/?page_id=198\" class=\"more-link\"><span class=\"screen-reader-text\">F\u00f6rderungen<\/span> weiterlesen <span class=\"meta-nav\">&rarr;<\/span><\/a><\/p>\n","protected":false},"author":1,"featured_media":0,"parent":0,"menu_order":0,"comment_status":"closed","ping_status":"closed","template":"","meta":{"footnotes":""},"class_list":["post-198","page","type-page","status-publish","hentry"],"_links":{"self":[{"href":"http:\/\/gut-noitzsch.de\/index.php?rest_route=\/wp\/v2\/pages\/198","targetHints":{"allow":["GET"]}}],"collection":[{"href":"http:\/\/gut-noitzsch.de\/index.php?rest_route=\/wp\/v2\/pages"}],"about":[{"href":"http:\/\/gut-noitzsch.de\/index.php?rest_route=\/wp\/v2\/types\/page"}],"author":[{"embeddable":true,"href":"http:\/\/gut-noitzsch.de\/index.php?rest_route=\/wp\/v2\/users\/1"}],"replies":[{"embeddable":true,"href":"http:\/\/gut-noitzsch.de\/index.php?rest_route=%2Fwp%2Fv2%2Fcomments&post=198"}],"version-history":[{"count":10,"href":"http:\/\/gut-noitzsch.de\/index.php?rest_route=\/wp\/v2\/pages\/198\/revisions"}],"predecessor-version":[{"id":215,"href":"http:\/\/gut-noitzsch.de\/index.php?rest_route=\/wp\/v2\/pages\/198\/revisions\/215"}],"wp:attachment":[{"href":"http:\/\/gut-noitzsch.de\/index.php?rest_route=%2Fwp%2Fv2%2Fmedia&parent=198"}],"curies":[{"name":"wp","href":"https:\/\/api.w.org\/{rel}","templated":true}]}}