{"id":138,"date":"2016-01-15T12:50:57","date_gmt":"2016-01-15T11:50:57","guid":{"rendered":"http:\/\/gut-noitzsch.de\/?page_id=138"},"modified":"2016-01-22T13:03:33","modified_gmt":"2016-01-22T12:03:33","slug":"kontakt","status":"publish","type":"page","link":"http:\/\/gut-noitzsch.de\/?page_id=138","title":{"rendered":"Kontakt"},"content":{"rendered":"Sie m\u00f6chten uns eine kurze Nachricht hinterlassen? \u00dcber Feedback und Kritik freuen wir uns sehr! Bitte nutzen Sie daf\u00fcr das folgende Kontaktformular.\r\n\r\n[contact-form-7 id=\"160\" title=\"Kontaktformular 1\"]\r\n\r\n&nbsp;\r\n\r\n&nbsp;\r\n\r\n&nbsp;","protected":false},"excerpt":{"rendered":"<p>Sie m\u00f6chten uns eine kurze Nachricht hinterlassen? \u00dcber Feedback und Kritik freuen wir uns sehr! Bitte nutzen Sie daf\u00fcr das folgende Kontaktformular. [contact-form-7 id=&#8220;160&#8243; title=&#8220;Kontaktformular 1&#8243;] &nbsp; &nbsp; &nbsp;<\/p>\n","protected":false},"author":1,"featured_media":0,"parent":0,"menu_order":0,"comment_status":"closed","ping_status":"closed","template":"","meta":{"footnotes":""},"class_list":["post-138","page","type-page","status-publish","hentry"],"_links":{"self":[{"href":"http:\/\/gut-noitzsch.de\/index.php?rest_route=\/wp\/v2\/pages\/138","targetHints":{"allow":["GET"]}}],"collection":[{"href":"http:\/\/gut-noitzsch.de\/index.php?rest_route=\/wp\/v2\/pages"}],"about":[{"href":"http:\/\/gut-noitzsch.de\/index.php?rest_route=\/wp\/v2\/types\/page"}],"author":[{"embeddable":true,"href":"http:\/\/gut-noitzsch.de\/index.php?rest_route=\/wp\/v2\/users\/1"}],"replies":[{"embeddable":true,"href":"http:\/\/gut-noitzsch.de\/index.php?rest_route=%2Fwp%2Fv2%2Fcomments&post=138"}],"version-history":[{"count":4,"href":"http:\/\/gut-noitzsch.de\/index.php?rest_route=\/wp\/v2\/pages\/138\/revisions"}],"predecessor-version":[{"id":162,"href":"http:\/\/gut-noitzsch.de\/index.php?rest_route=\/wp\/v2\/pages\/138\/revisions\/162"}],"wp:attachment":[{"href":"http:\/\/gut-noitzsch.de\/index.php?rest_route=%2Fwp%2Fv2%2Fmedia&parent=138"}],"curies":[{"name":"wp","href":"https:\/\/api.w.org\/{rel}","templated":true}]}}